{"id":433,"date":"2022-07-31T08:00:00","date_gmt":"2022-07-31T06:00:00","guid":{"rendered":"http:\/\/yk-design.xyz\/?page_id=433"},"modified":"2023-02-10T17:15:29","modified_gmt":"2023-02-10T16:15:29","slug":"derniers-articles","status":"publish","type":"page","link":"https:\/\/yk-design.xyz\/","title":{"rendered":"Accueil"},"content":{"rendered":"\n<div class=\"wp-block-cover alignfull is-light uag-hide-tab uag-hide-mob\"><span aria-hidden=\"true\" class=\"wp-block-cover__background has-background-dim-100 has-background-dim\" style=\"background-color:#cd9359\"><\/span><div class=\"wp-block-cover__inner-container is-layout-flow wp-block-cover-is-layout-flow\">\n<div class=\"wp-block-columns are-vertically-aligned-center is-layout-flex wp-container-core-columns-is-layout-1 wp-block-columns-is-layout-flex\">\n<div class=\"wp-block-column is-vertically-aligned-center is-layout-flow wp-block-column-is-layout-flow\" style=\"flex-basis:25%\"><\/div>\n\n\n\n<div class=\"wp-block-column is-vertically-aligned-center is-layout-flow wp-block-column-is-layout-flow\" style=\"flex-basis:50%\">\n<figure class=\"wp-block-image size-large\"><img loading=\"lazy\" decoding=\"async\" width=\"1024\" height=\"290\" src=\"https:\/\/yk-design.xyz\/wp-content\/uploads\/2022\/07\/meryl-1-1024x290.png\" alt=\"\" class=\"wp-image-1693\" srcset=\"https:\/\/yk-design.xyz\/wp-content\/uploads\/2022\/07\/meryl-1-1024x290.png 1024w, https:\/\/yk-design.xyz\/wp-content\/uploads\/2022\/07\/meryl-1-300x85.png 300w, https:\/\/yk-design.xyz\/wp-content\/uploads\/2022\/07\/meryl-1-768x217.png 768w, https:\/\/yk-design.xyz\/wp-content\/uploads\/2022\/07\/meryl-1-1536x435.png 1536w, https:\/\/yk-design.xyz\/wp-content\/uploads\/2022\/07\/meryl-1-2048x579.png 2048w\" sizes=\"(max-width: 1024px) 100vw, 1024px\" \/><\/figure>\n\n\n\n<p style=\"font-size:25px\"><\/p>\n\n\n\n<p class=\"justify has-white-color has-text-color\" style=\"font-size:20px;font-style:normal;font-weight:500\">    Jeune Designeuse Graphiste, je suis quelqu&rsquo;un de dynamique et toujours \u00e0 l&rsquo;aff\u00fbt des nouveaux modes de communications sous ses multiples formes.&nbsp;Si je&nbsp;devais&nbsp;d\u00e9crire mon&nbsp;graphisme, je&nbsp;le qualifierais de l\u00e9gers et d\u00e9licats avec une touche de dynamisme et de cr\u00e9ativit\u00e9.&nbsp;Un graphisme qui para\u00eet simple mais complexe.<\/p>\n\n\n\n<p class=\"justify has-white-color has-text-color\" style=\"font-size:20px;font-style:normal;font-weight:500\">    Je m\u2019enrichis quotidiennement de mon environnement pour am\u00e9liorer et m\u2019approprier mon univers graphique. Toujours pr\u00eate \u00e0 sortir de ma zone de confort et appliquer ma communication \u00e0 diff\u00e9rents supports, je ne recule devant rien pour aiguiser mes connaissances.<\/p>\n<\/div>\n\n\n\n<div class=\"wp-block-column is-vertically-aligned-center is-layout-flow wp-block-column-is-layout-flow\" style=\"flex-basis:25%\"><\/div>\n<\/div>\n<\/div><\/div>\n\n\n\n<div class=\"wp-block-cover alignwide uag-hide-tab uag-hide-mob\" style=\"min-height:93px;aspect-ratio:unset;\"><span aria-hidden=\"true\" class=\"wp-block-cover__background has-black-background-color has-background-dim-100 has-background-dim\"><\/span><div class=\"wp-block-cover__inner-container is-layout-flow wp-block-cover-is-layout-flow\">\n<p class=\"has-text-align-center has-large-font-size\"><\/p>\n<\/div><\/div>\n\n\n\n<div class=\"wp-block-columns uag-hide-tab uag-hide-mob is-layout-flex wp-container-core-columns-is-layout-2 wp-block-columns-is-layout-flex\">\n<div class=\"wp-block-column is-layout-flow wp-block-column-is-layout-flow\">\n<figure class=\"wp-block-image size-large uag-hide-tab uag-hide-mob\"><img loading=\"lazy\" decoding=\"async\" width=\"1024\" height=\"1024\" src=\"https:\/\/yk-design.xyz\/wp-content\/uploads\/2022\/07\/contactcv-1024x1024.jpg\" alt=\"\" class=\"wp-image-1712\" srcset=\"https:\/\/yk-design.xyz\/wp-content\/uploads\/2022\/07\/contactcv-1024x1024.jpg 1024w, https:\/\/yk-design.xyz\/wp-content\/uploads\/2022\/07\/contactcv-300x300.jpg 300w, https:\/\/yk-design.xyz\/wp-content\/uploads\/2022\/07\/contactcv-150x150.jpg 150w, https:\/\/yk-design.xyz\/wp-content\/uploads\/2022\/07\/contactcv-768x769.jpg 768w, https:\/\/yk-design.xyz\/wp-content\/uploads\/2022\/07\/contactcv-1536x1536.jpg 1536w, https:\/\/yk-design.xyz\/wp-content\/uploads\/2022\/07\/contactcv-2046x2048.jpg 2046w, https:\/\/yk-design.xyz\/wp-content\/uploads\/2022\/07\/contactcv-666x666.jpg 666w\" sizes=\"(max-width: 1024px) 100vw, 1024px\" \/><\/figure>\n\n\n\n<div class=\"wp-block-uagb-buttons uagb-buttons__outer-wrap uagb-btn__default-btn uagb-btn-tablet__default-btn uagb-btn-mobile__default-btn uagb-block-ff73c7b8\"><div class=\"uagb-buttons__wrap uagb-buttons-layout-wrap\">\n<div class=\"wp-block-uagb-buttons-child uagb-buttons__outer-wrap uagb-block-614ef16c wp-block-button is-style-outline\"><div class=\"uagb-button__wrapper\"><a class=\"uagb-buttons-repeater wp-block-button__link has-background has-text-color\" href=\"\/\/yk-design.xyz\/?page_id=21\" onclick=\"return true;\" rel=\"follow noopener\" target=\"_self\"><div class=\"uagb-button__link\">contact &amp; cv<\/div><\/a><\/div><\/div>\n<\/div><\/div>\n<\/div>\n\n\n\n<div class=\"wp-block-column is-layout-flow wp-block-column-is-layout-flow\">\n<figure class=\"wp-block-image size-large uag-hide-tab uag-hide-mob\"><img loading=\"lazy\" decoding=\"async\" width=\"1024\" height=\"1024\" src=\"https:\/\/yk-design.xyz\/wp-content\/uploads\/2022\/07\/monparcours-1-1024x1024.jpg\" alt=\"\" class=\"wp-image-1714\" srcset=\"https:\/\/yk-design.xyz\/wp-content\/uploads\/2022\/07\/monparcours-1-1024x1024.jpg 1024w, https:\/\/yk-design.xyz\/wp-content\/uploads\/2022\/07\/monparcours-1-300x300.jpg 300w, https:\/\/yk-design.xyz\/wp-content\/uploads\/2022\/07\/monparcours-1-150x150.jpg 150w, https:\/\/yk-design.xyz\/wp-content\/uploads\/2022\/07\/monparcours-1-768x768.jpg 768w, https:\/\/yk-design.xyz\/wp-content\/uploads\/2022\/07\/monparcours-1-1536x1536.jpg 1536w, https:\/\/yk-design.xyz\/wp-content\/uploads\/2022\/07\/monparcours-1-2048x2048.jpg 2048w, https:\/\/yk-design.xyz\/wp-content\/uploads\/2022\/07\/monparcours-1-666x666.jpg 666w\" sizes=\"(max-width: 1024px) 100vw, 1024px\" \/><\/figure>\n\n\n\n<div class=\"wp-block-uagb-buttons uagb-buttons__outer-wrap uagb-btn__default-btn uagb-btn-tablet__default-btn uagb-btn-mobile__default-btn uagb-block-5967d8bc\"><div class=\"uagb-buttons__wrap uagb-buttons-layout-wrap\">\n<div class=\"wp-block-uagb-buttons-child uagb-buttons__outer-wrap uagb-block-12225f52 wp-block-button is-style-outline\"><div class=\"uagb-button__wrapper\"><a class=\"uagb-buttons-repeater wp-block-button__link has-background has-text-color\" href=\"\/\/yk-design.xyz\/?page_id=11\" onclick=\"return true;\" rel=\"follow noopener\" target=\"_self\"><div class=\"uagb-button__link\">Mon parcours<\/div><\/a><\/div><\/div>\n<\/div><\/div>\n<\/div>\n\n\n\n<div class=\"wp-block-column is-layout-flow wp-block-column-is-layout-flow\">\n<figure class=\"wp-block-image size-large uag-hide-tab uag-hide-mob\"><img loading=\"lazy\" decoding=\"async\" width=\"1024\" height=\"1024\" src=\"https:\/\/yk-design.xyz\/wp-content\/uploads\/2022\/07\/monportefolio-1024x1024.jpg\" alt=\"\" class=\"wp-image-1715\" srcset=\"https:\/\/yk-design.xyz\/wp-content\/uploads\/2022\/07\/monportefolio-1024x1024.jpg 1024w, https:\/\/yk-design.xyz\/wp-content\/uploads\/2022\/07\/monportefolio-300x300.jpg 300w, https:\/\/yk-design.xyz\/wp-content\/uploads\/2022\/07\/monportefolio-150x150.jpg 150w, https:\/\/yk-design.xyz\/wp-content\/uploads\/2022\/07\/monportefolio-768x769.jpg 768w, https:\/\/yk-design.xyz\/wp-content\/uploads\/2022\/07\/monportefolio-1534x1536.jpg 1534w, https:\/\/yk-design.xyz\/wp-content\/uploads\/2022\/07\/monportefolio-666x666.jpg 666w\" sizes=\"(max-width: 1024px) 100vw, 1024px\" \/><\/figure>\n\n\n\n<div class=\"wp-block-uagb-buttons uagb-buttons__outer-wrap uagb-btn__default-btn uagb-btn-tablet__default-btn uagb-btn-mobile__default-btn uagb-block-97d5d6ca\"><div class=\"uagb-buttons__wrap uagb-buttons-layout-wrap\">\n<div class=\"wp-block-uagb-buttons-child uagb-buttons__outer-wrap uagb-block-a6cae24f wp-block-button is-style-outline\"><div class=\"uagb-button__wrapper\"><a class=\"uagb-buttons-repeater wp-block-button__link has-background has-text-color\" href=\"\/\/yk-design.xyz\/?page_id=2389\" onclick=\"return true;\" rel=\"follow noopener\" target=\"_self\"><div class=\"uagb-button__link\">mon portfolio<\/div><\/a><\/div><\/div>\n<\/div><\/div>\n<\/div>\n<\/div>\n\n\n\n<div class=\"wp-block-cover alignwide uag-hide-tab uag-hide-mob\" style=\"min-height:93px;aspect-ratio:unset;\"><span aria-hidden=\"true\" class=\"wp-block-cover__background has-black-background-color has-background-dim-100 has-background-dim\"><\/span><div class=\"wp-block-cover__inner-container is-layout-flow wp-block-cover-is-layout-flow\">\n<p class=\"has-text-align-center has-large-font-size\"><\/p>\n<\/div><\/div>\n\n\n<div class=\"wp-block-image\">\n<figure class=\"alignright size-large is-resized uag-hide-tab uag-hide-mob\"><img loading=\"lazy\" decoding=\"async\" src=\"https:\/\/yk-design.xyz\/wp-content\/uploads\/2021\/11\/yk_blanc-619x1024.png\" alt=\"\" class=\"wp-image-71\" width=\"47\" height=\"77\" srcset=\"https:\/\/yk-design.xyz\/wp-content\/uploads\/2021\/11\/yk_blanc-619x1024.png 619w, https:\/\/yk-design.xyz\/wp-content\/uploads\/2021\/11\/yk_blanc-181x300.png 181w, https:\/\/yk-design.xyz\/wp-content\/uploads\/2021\/11\/yk_blanc-768x1271.png 768w, https:\/\/yk-design.xyz\/wp-content\/uploads\/2021\/11\/yk_blanc.png 824w\" sizes=\"(max-width: 47px) 100vw, 47px\" \/><\/figure><\/div>","protected":false},"excerpt":{"rendered":"","protected":false},"author":1,"featured_media":0,"parent":0,"menu_order":0,"comment_status":"closed","ping_status":"closed","template":"templates\/full-width-page.php","meta":{"_uag_custom_page_level_css":"","footnotes":""},"class_list":["post-433","page","type-page","status-publish","hentry"],"uagb_featured_image_src":{"full":false,"thumbnail":false,"medium":false,"medium_large":false,"large":false,"1536x1536":false,"2048x2048":false,"post-thumbnail":false,"signify-slider":false,"signify-featured-content":false,"signify-photography":false,"signify-promotion-headline":false},"uagb_author_info":{"display_name":"YK Design","author_link":"https:\/\/yk-design.xyz\/?author=1"},"uagb_comment_info":0,"uagb_excerpt":null,"_links":{"self":[{"href":"https:\/\/yk-design.xyz\/index.php?rest_route=\/wp\/v2\/pages\/433"}],"collection":[{"href":"https:\/\/yk-design.xyz\/index.php?rest_route=\/wp\/v2\/pages"}],"about":[{"href":"https:\/\/yk-design.xyz\/index.php?rest_route=\/wp\/v2\/types\/page"}],"author":[{"embeddable":true,"href":"https:\/\/yk-design.xyz\/index.php?rest_route=\/wp\/v2\/users\/1"}],"replies":[{"embeddable":true,"href":"https:\/\/yk-design.xyz\/index.php?rest_route=%2Fwp%2Fv2%2Fcomments&post=433"}],"version-history":[{"count":1,"href":"https:\/\/yk-design.xyz\/index.php?rest_route=\/wp\/v2\/pages\/433\/revisions"}],"predecessor-version":[{"id":3296,"href":"https:\/\/yk-design.xyz\/index.php?rest_route=\/wp\/v2\/pages\/433\/revisions\/3296"}],"wp:attachment":[{"href":"https:\/\/yk-design.xyz\/index.php?rest_route=%2Fwp%2Fv2%2Fmedia&parent=433"}],"curies":[{"name":"wp","href":"https:\/\/api.w.org\/{rel}","templated":true}]}}